{"id":1057,"date":"2016-08-03T17:00:51","date_gmt":"2016-08-03T15:00:51","guid":{"rendered":"http:\/\/new.sgs-sss.ch\/new\/fr\/comites-de-recherche\/lebenslauf\/"},"modified":"2019-09-28T18:34:09","modified_gmt":"2019-09-28T16:34:09","slug":"parcours-de-vie","status":"publish","type":"page","link":"https:\/\/sgs-sss.promideas.solutions\/fr\/comites-de-recherche\/parcours-de-vie\/","title":{"rendered":"Parcours de vie"},"content":{"rendered":"\n<style type=\"text\/css\" data-created_by=\"avia_inline_auto\" id=\"style-css-av-av_section-fb37fa88fbca848c7e29aff3fecdfcf1\">\n.avia-section.av-av_section-fb37fa88fbca848c7e29aff3fecdfcf1{\nbackground-color:#ffffff;\nbackground-image:unset;\n}\n<\/style>\n<div id='av_section_1'  class='avia-section av-av_section-fb37fa88fbca848c7e29aff3fecdfcf1 main_color avia-section-default avia-no-shadow  avia-builder-el-0  avia-builder-el-no-sibling  avia-bg-style-scroll container_wrap fullsize'  ><div class='container av-section-cont-open' ><main  role=\"main\" itemprop=\"mainContentOfPage\"  class='template-page content  av-content-full alpha units'><div class='post-entry post-entry-type-page post-entry-1057'><div class='entry-content-wrapper clearfix'>\n\n<style type=\"text\/css\" data-created_by=\"avia_inline_auto\" id=\"style-css-av-av_heading-4a9ada9b5aca6349c0b10c31a5d1d5fb\">\n#top .av-special-heading.av-av_heading-4a9ada9b5aca6349c0b10c31a5d1d5fb{\npadding-bottom:25px;\n}\nbody .av-special-heading.av-av_heading-4a9ada9b5aca6349c0b10c31a5d1d5fb .av-special-heading-tag .heading-char{\nfont-size:25px;\n}\n.av-special-heading.av-av_heading-4a9ada9b5aca6349c0b10c31a5d1d5fb .av-subheading{\nfont-size:15px;\n}\n<\/style>\n<div  class='av-special-heading av-av_heading-4a9ada9b5aca6349c0b10c31a5d1d5fb av-special-heading-h2  avia-builder-el-1  el_before_av_one_full  avia-builder-el-first '><h2 class='av-special-heading-tag '  itemprop=\"headline\"  >PARCOURS DE VIE<\/h2><div class=\"special-heading-border\"><div class=\"special-heading-inner-border\"><\/div><\/div><\/div>\n<div class='flex_column_table av-av_one_full-637497d8078788bf7892f1875f6d3165 sc-av_one_full av-equal-height-column-flextable'>\n<style type=\"text\/css\" data-created_by=\"avia_inline_auto\" id=\"style-css-av-av_one_full-637497d8078788bf7892f1875f6d3165\">\n.flex_column.av-av_one_full-637497d8078788bf7892f1875f6d3165{\nborder-radius:0px 0px 0px 0px;\npadding:20px 20px 20px 20px;\n}\n<\/style>\n<div  class='flex_column av-av_one_full-637497d8078788bf7892f1875f6d3165 av_one_full  avia-builder-el-2  el_after_av_heading  avia-builder-el-last  first no_margin flex_column_table_cell av-equal-height-column av-align-top  '     ><section  class='av_textblock_section av-av_textblock-0366cc7376be6c9e82a3e9cc8987b64f '   itemscope=\"itemscope\" itemtype=\"https:\/\/schema.org\/CreativeWork\" ><div class='avia_textblock'  itemprop=\"text\" ><blockquote>\n<h3><strong>Fondation<\/strong><\/h3>\n<p>Le 2 juillet 2012, le comit\u00e9 ex\u00e9cutif de la Soci\u00e9t\u00e9 suisse de sociologie (SSS) a approuv\u00e9 la constitution d&rsquo;un comit\u00e9 de recherche consacr\u00e9 \u00e0 la perspective du parcours de vie \u00e0 la demande d&rsquo;un groupe de membres de l&rsquo;Association provenant des universit\u00e9s de Lausanne, Gen\u00e8ve, B\u00e2le et Zurich, ainsi que de la haute \u00e9cole fribourgeoise en travail social.<\/p>\n<\/blockquote>\n<\/div><\/section><br \/>\n\n<style type=\"text\/css\" data-created_by=\"avia_inline_auto\" id=\"style-css-av-av_hr-bd84104f09c397338597807ab31c6aca\">\n#top .hr.hr-invisible.av-av_hr-bd84104f09c397338597807ab31c6aca{\nheight:15px;\n}\n<\/style>\n<div  class='hr av-av_hr-bd84104f09c397338597807ab31c6aca hr-invisible  avia-builder-el-4  el_after_av_textblock  el_before_av_toggle_container '><span class='hr-inner '><span class=\"hr-inner-style\"><\/span><\/span><\/div><br \/>\n<div  class='togglecontainer av-av_toggle_container-1c5f05ce43bbf21457da42746a25c01a  avia-builder-el-5  el_after_av_hr  avia-builder-el-last ' >\n<section class='av_toggle_section av-av_toggle-b5294462788bf103a47a963c3e21b710'  itemscope=\"itemscope\" itemtype=\"https:\/\/schema.org\/CreativeWork\" ><div role=\"tablist\" class=\"single_toggle\" data-tags=\"{Tout} \"  ><p id='toggle-toggle-id-1' data-fake-id='#toggle-id-1' class='toggler  activeTitle av-title-above '  itemprop=\"headline\"  role='tab' tabindex='0' aria-controls='toggle-id-1' data-slide-speed=\"200\" data-title=\"Pr\u00e9sentation\" data-title-open=\"\" data-aria_collapsed=\"Click to expand: Pr\u00e9sentation\" data-aria_expanded=\"Click to collapse: Pr\u00e9sentation\">Pr\u00e9sentation<span class=\"toggle_icon\"><span class=\"vert_icon\"><\/span><span class=\"hor_icon\"><\/span><\/span><\/p><div id='toggle-id-1' aria-labelledby='toggle-toggle-id-1' role='region' class='toggle_wrap  active_tc av-title-above' style='display:block;' ><div class='toggle_content invers-color '  itemprop=\"text\" ><p>La perspective du parcours de vie est un champ de recherche particuli\u00e8rement dynamique qui se d\u00e9veloppe \u00e0 partir des ann\u00e9es quatre-vingt autour notamment du constat des limites des \u00e9tudes synchroniques compar\u00e9es aux approches longitudinales. Cette perspective insiste sur la centralit\u00e9 de cinq facteurs de variabilit\u00e9 interindividuelle li\u00e9s entre eux : la contextualisation des vies en temps et en lieu, l\u2019importance du timing des \u00e9v\u00e9nements de vie, le d\u00e9veloppement continu de vies interd\u00e9pendantes et l\u2019intentionnalit\u00e9 des acteurs. Cela a entre autres pour cons\u00e9quences une centration progressive de la recherche sur des individus caract\u00e9ris\u00e9s par des attributs variables au cours du temps, notamment en termes d\u2019insertions sociales. On passe ainsi progressivement d\u2019une conception des formes d&rsquo;organisations sociales (par exemple la famille ou le travail) comme entit\u00e9 significative, dont les interactions internes et externes sont peu diff\u00e9renci\u00e9es, \u00e0 une approche qui se fonde sur le d\u00e9roulement sp\u00e9cifique des vies individuelles, ainsi que sur les interd\u00e9pendances qui se lient et se d\u00e9lient entre elles au cours du temps. Pour y parvenir, il est n\u00e9cessaire de recourir \u00e0 des outils conceptuels particuliers, comme celui de configuration, qui selon Elias permet de \u00ab desserrer la contrainte sociale qui nous oblige \u00e0 penser et \u00e0 parler comme si l\u2019individu et la soci\u00e9t\u00e9 \u00e9taient deux figures diff\u00e9rentes et de surcro\u00eet antagonistes \u00bb. En ce sens, la perspective du parcours de vie permet le d\u00e9ploiement d&rsquo;un programme de recherche qui vise l&rsquo;int\u00e9gration de diff\u00e9rents champs sociologiques (famille, travail, mobilit\u00e9, migration, sant\u00e9, &#8230;) dans un mod\u00e8le dynamique plus g\u00e9n\u00e9ral. Parall\u00e8lement, sa dimension longitudinale et int\u00e9grative est associ\u00e9e \u00e0 l&rsquo;utilisation de strat\u00e9gies et d&rsquo;outils m\u00e9thodologiques en d\u00e9veloppement, tels que les analyses de s\u00e9quences et de r\u00e9seau de sociabilit\u00e9 ou les approches mixed methods.<\/p>\n<\/div><\/div><\/div><\/section>\n<section class='av_toggle_section av-av_toggle-7db11d110d5dfc6c4d6048a528507baa'  itemscope=\"itemscope\" itemtype=\"https:\/\/schema.org\/CreativeWork\" ><div role=\"tablist\" class=\"single_toggle\" data-tags=\"{Tout} \"  ><p id='toggle-toggle-id-2' data-fake-id='#toggle-id-2' class='toggler  av-title-above '  itemprop=\"headline\"  role='tab' tabindex='0' aria-controls='toggle-id-2' data-slide-speed=\"200\" data-title=\"Objectifs\" data-title-open=\"\" data-aria_collapsed=\"Click to expand: Objectifs\" data-aria_expanded=\"Click to collapse: Objectifs\">Objectifs<span class=\"toggle_icon\"><span class=\"vert_icon\"><\/span><span class=\"hor_icon\"><\/span><\/span><\/p><div id='toggle-id-2' aria-labelledby='toggle-toggle-id-2' role='region' class='toggle_wrap  av-title-above'  ><div class='toggle_content invers-color '  itemprop=\"text\" ><p>Dans un premier temps, l&rsquo;objectif du comit\u00e9 sera essentiellement de stimuler de nouvelles collaborations scientifiques et d&rsquo;am\u00e9liorer la visibilit\u00e9 des recherches sociologiques sur le parcours de vie en encourageant la r\u00e9alisation de projets et\/ou d&rsquo;articles acad\u00e9miques entre les membres du comit\u00e9 de recherche. Cela pourrait \u00eatre facilit\u00e9, notamment \u00e0 travers l&rsquo;int\u00e9gration d&rsquo;un module sp\u00e9cifique consacr\u00e9 \u00e0 cette th\u00e9matique dans le congr\u00e8s biennal de la SSS, ainsi que l&rsquo;organisation de rencontres autour d&rsquo;un th\u00e8me sp\u00e9cifique les ann\u00e9es sans congr\u00e8s de la SSS.<\/p>\n<\/div><\/div><\/div><\/section>\n<section class='av_toggle_section av-av_toggle-776259c8ea287bd60aebb778d2d1072e'  itemscope=\"itemscope\" itemtype=\"https:\/\/schema.org\/CreativeWork\" ><div role=\"tablist\" class=\"single_toggle\" data-tags=\"{Tout} \"  ><p id='toggle-toggle-id-3' data-fake-id='#toggle-id-3' class='toggler  av-title-above '  itemprop=\"headline\"  role='tab' tabindex='0' aria-controls='toggle-id-3' data-slide-speed=\"200\" data-title=\"Adh\u00e9sion \/ contact\" data-title-open=\"\" data-aria_collapsed=\"Click to expand: Adh\u00e9sion \/ contact\" data-aria_expanded=\"Click to collapse: Adh\u00e9sion \/ contact\">Adh\u00e9sion \/ contact<span class=\"toggle_icon\"><span class=\"vert_icon\"><\/span><span class=\"hor_icon\"><\/span><\/span><\/p><div id='toggle-id-3' aria-labelledby='toggle-toggle-id-3' role='region' class='toggle_wrap  av-title-above'  ><div class='toggle_content invers-color '  itemprop=\"text\" ><p>Toute personne concern\u00e9e par la th\u00e9matique et les objectifs du comit\u00e9 de recherche est encourag\u00e9e \u00e0 s&rsquo;adresser la personne de contact dont les coordonn\u00e9es sont indiqu\u00e9es ci-dessous.<\/p>\n\n<style type=\"text\/css\" data-created_by=\"avia_inline_auto\" id=\"style-css-av-av_hr-5ea7596238ed9f191e6b5e662093052f\">\n#top .hr.hr-invisible.av-av_hr-5ea7596238ed9f191e6b5e662093052f{\nheight:30px;\n}\n<\/style>\n<div  class='hr av-av_hr-5ea7596238ed9f191e6b5e662093052f hr-invisible  avia-builder-el-6  avia-builder-el-no-sibling '><span class='hr-inner '><span class=\"hr-inner-style\"><\/span><\/span><\/div>\n<h3>Jacques-Antoine Gauthier<\/h3>\n<p>Universit\u00e9 de Lausanne<br \/>\nFacult\u00e9 des sciences sociales et politiques<br \/>\nCentre de recherche sur les parcours de vie et les in\u00e9galit\u00e9s (LINES)<br \/>\nB\u00e2timent de Vidy (B\u00e2timent G\u00e9opolis depuis le 1.9.2012)<br \/>\n1015 Lausanne<\/p>\n<p>T\u00e9l.: 021 \/ 692 38 43<br \/>\nEmail: <a href=\"mailto:lifecourse@sgs-sss.promideas.solutions\">lifecourse@sgs-sss.promideas.solutions<\/a><\/p>\n<\/div><\/div><\/div><\/section>\n<section class='av_toggle_section av-av_toggle-3b16e178e6872b1701c0e85a8f19a10b'  itemscope=\"itemscope\" itemtype=\"https:\/\/schema.org\/CreativeWork\" ><div role=\"tablist\" class=\"single_toggle\" data-tags=\"{Tout} \"  ><p id='toggle-toggle-id-4' data-fake-id='#toggle-id-4' class='toggler  av-title-above '  itemprop=\"headline\"  role='tab' tabindex='0' aria-controls='toggle-id-4' data-slide-speed=\"200\" data-title=\"Membres fondateurs\" data-title-open=\"\" data-aria_collapsed=\"Click to expand: Membres fondateurs\" data-aria_expanded=\"Click to collapse: Membres fondateurs\">Membres fondateurs<span class=\"toggle_icon\"><span class=\"vert_icon\"><\/span><span class=\"hor_icon\"><\/span><\/span><\/p><div id='toggle-id-4' aria-labelledby='toggle-toggle-id-4' role='region' class='toggle_wrap  av-title-above'  ><div class='toggle_content invers-color '  itemprop=\"text\" ><p>Les chercheuses et les chercheurs ci-dessous ont apport\u00e9 leur soutien \u00e0 la cr\u00e9ation du comit\u00e9 de recherche sur les parcours de vie.<\/p>\n<ul>\n<li>Prof. Claudine Burton Jeangros, Unige, <a href=\"mailto:claudine.jeangros@unige.ch\">claudine.jeangros@unige.ch<\/a><\/li>\n<li>Dr Cornelia Hummel, Unige, <a href=\"mailto:cornelia.hummel@unige.ch\">cornelia.hummel@unige.ch<\/a><\/li>\n<li>Prof. Daniel Oesch, Unil, <a href=\"mailto:daniel.oesch@unil.ch\">daniel.oesch@unil.ch<\/a><\/li>\n<li>Prof. Dominique Joye, Unil, <a href=\"mailto:dominique.joye@unil.ch\">dominique.joye@unil.ch<\/a><\/li>\n<li>Prof. Eric Widmer, Unige, <a href=\"mailto:eric.widmer@unige.ch\">eric.widmer@unige.ch<\/a><\/li>\n<li>Prof. Felix B\u00fchlmann, Unil, <a href=\"mailto:felix.buhlmann@unil.ch\">felix.buhlmann@unil.ch<\/a><\/li>\n<li>Dr Ir\u00e8ne Kriesi, Unizh, <a href=\"mailto:kriesi@jacobscenter.unizh.ch\">kriesi@jacobscenter.unizh.ch<\/a><\/li>\n<li>Prof. Jan Skrobanek, Unizh, <a href=\"mailto:skrobanek@soziologie.uzh.ch\">skrobanek@soziologie.uzh.ch<\/a><\/li>\n<li>Prof. Jean-Fran\u00e7ois Bickel, Hef-ts, <a href=\"mailto:jean-francois.bickel@hef-ts.ch\">jean-francois.bickel@hef-ts.ch<\/a><\/li>\n<li>Prof. Laura Bernardi, Unil, <a href=\"mailto:laura.bernardi@unil.ch\">laura.bernardi@unil.ch<\/a><\/li>\n<li>Prof. Marlise Buchmann, Unizh, <a href=\"mailto:buchmann@soziologie.uzh.ch\">buchmann@soziologie.uzh.ch<\/a><\/li>\n<li>Prof. Max Bergmann, Unibas, <a href=\"mailto:max.bergman@unibas.ch\">max.bergman@unibas.ch<\/a><\/li>\n<li>Prof. Michel Oris, Unige, <a href=\"mailto:michel.oris@unige.ch\">michel.oris@unige.ch<\/a><\/li>\n<li>Dr Sandra Hupka-Brunner, Unibas, <a href=\"mailto:sandra.hupka@unibas.ch\">sandra.hupka@unibas.ch<\/a><\/li>\n<\/ul>\n<\/div><\/div><\/div><\/section>\n<\/div><\/p><\/div><\/div><!--close column table wrapper. Autoclose: 1 -->\n","protected":false},"excerpt":{"rendered":"","protected":false},"author":1,"featured_media":0,"parent":655,"menu_order":0,"comment_status":"closed","ping_status":"closed","template":"","meta":{"footnotes":""},"class_list":["post-1057","page","type-page","status-publish","hentry"],"_links":{"self":[{"href":"https:\/\/sgs-sss.promideas.solutions\/fr\/wp-json\/wp\/v2\/pages\/1057","targetHints":{"allow":["GET"]}}],"collection":[{"href":"https:\/\/sgs-sss.promideas.solutions\/fr\/wp-json\/wp\/v2\/pages"}],"about":[{"href":"https:\/\/sgs-sss.promideas.solutions\/fr\/wp-json\/wp\/v2\/types\/page"}],"author":[{"embeddable":true,"href":"https:\/\/sgs-sss.promideas.solutions\/fr\/wp-json\/wp\/v2\/users\/1"}],"replies":[{"embeddable":true,"href":"https:\/\/sgs-sss.promideas.solutions\/fr\/wp-json\/wp\/v2\/comments?post=1057"}],"version-history":[{"count":5,"href":"https:\/\/sgs-sss.promideas.solutions\/fr\/wp-json\/wp\/v2\/pages\/1057\/revisions"}],"predecessor-version":[{"id":13264,"href":"https:\/\/sgs-sss.promideas.solutions\/fr\/wp-json\/wp\/v2\/pages\/1057\/revisions\/13264"}],"up":[{"embeddable":true,"href":"https:\/\/sgs-sss.promideas.solutions\/fr\/wp-json\/wp\/v2\/pages\/655"}],"wp:attachment":[{"href":"https:\/\/sgs-sss.promideas.solutions\/fr\/wp-json\/wp\/v2\/media?parent=1057"}],"curies":[{"name":"wp","href":"https:\/\/api.w.org\/{rel}","templated":true}]}}